{"id":218,"date":"2018-03-19T16:38:56","date_gmt":"2018-03-19T15:38:56","guid":{"rendered":"http:\/\/www.langerit.fr\/?page_id=218"},"modified":"2020-02-28T13:21:54","modified_gmt":"2020-02-28T12:21:54","slug":"mentions-legales","status":"publish","type":"page","link":"https:\/\/langerit.fr\/index.php\/mentions-legales\/","title":{"rendered":"Mentions L\u00e9gales"},"content":{"rendered":"<p><strong><em>L&rsquo;Ange rit<\/em> fait partie de Coopaname<br \/>\n<\/strong>Scop-SA \u00e0 capital variable &#8211; RCS Paris 448 762 526 &#8211; APE : 7022Z &#8211;<br \/>\nN\u00b0 Intracom : FR49 448 762 526<\/p>\n<p>Si\u00e8ge social :<br \/>\n<strong>COOPANAME<br \/>\n<\/strong>3\/7 rue Albert Marquet &#8211; 75020 PARIS<br \/>\nT\u00e9l : 01 43 71 82 69<\/p>\n<p><strong><em>Contact :<\/em><\/strong><\/p>\n<p>L&rsquo;Ange rit<br \/>\nLes Greniers de Vineuil<br \/>\n8 rue Gapoux<br \/>\n41350 Vineuil<\/p>\n<p><a href=\"http:\/\/www.langerit.fr\/contact\/\" target=\"_blank\" rel=\"noopener noreferrer\">Envoyer un email<\/a><\/p>\n<p><strong>Ce site est h\u00e9berg\u00e9 par :<br \/>\nSAS OVH<br \/>\n<\/strong> 2 rue Kellermann<br \/>\nBP 80157<br \/>\n59100 Roubaix<br \/>\nhttp:\/\/www.ovh.com<\/p>\n<p><strong>Loi informatique et libert\u00e9 : <\/strong><\/p>\n<p>Les informations (coordonn\u00e9es, textes, photos&#8230;) que vous fournissez \u00e0 Coopaname \/ L&rsquo;Ange rit ne feront l&rsquo;objet d&rsquo;aucune utilisation commerciale.<\/p>\n<p>Elles ne seront jamais communiqu\u00e9es \u00e0 des tiers.<\/p>\n<p>Vous disposez d&rsquo;un droit d&rsquo;acc\u00e8s, de modification, de rectification et de suppression des donn\u00e9es qui vous concernent (art. 34 de la loi \u00ab\u00a0Informatique et Libert\u00e9s\u00a0\u00bb).<\/p>\n<p>Pour l&rsquo;exercer, adressez-vous par courrier \u00e0 :<\/p>\n<p>Coopaname\/ L&rsquo;Ange rit<br \/>\nLes Greniers de Vineuil<br \/>\n8 rue Gapoux<br \/>\n41350 Vineuil<\/p>\n<p>ou<br \/>\n<a href=\"http:\/\/www.langerit.fr\/contact\/\" target=\"_blank\" rel=\"noopener noreferrer\">Envoyer un email<\/a><\/p>\n<p><em>L&rsquo;Ange rit<\/em> et sa boutique en ligne sont enregistr\u00e9s \u00e0 la <strong>CNIL <\/strong>sous le n\u00b02170194.<\/p>\n<p><strong>Propri\u00e9t\u00e9 intellectuelle :<br \/>\n<\/strong><strong><em>L&rsquo;Ange rit<\/em><\/strong> est une marque d\u00e9pos\u00e9e \u00e0 l&rsquo;INPI.<\/p>\n<p>Les mod\u00e8les, dessins, logos, photos, objets et images propos\u00e9s par le site <em>L&rsquo;Ange rit<\/em> sont la propri\u00e9t\u00e9 de <em>L&rsquo;Ange rit<\/em> et sont prot\u00e9g\u00e9s par le droit de la propri\u00e9t\u00e9 intellectuelle.<\/p>\n<p>L&rsquo;acheteur reconna\u00eet que l&rsquo;utilisation dont il peut faire des produits command\u00e9s est limit\u00e9e \u00e0 un usage conforme \u00e0 leur destination.<\/p>\n<p>Toute autre utilisation des mod\u00e8les, dessins, logos, photos, objets et images, telles que reproduction, commercialisation, diffusion et \u00e9dition par quiconque est rigoureusement interdite et constitutive d&rsquo;une contrefa\u00e7on pouvant \u00eatre sanctionn\u00e9e p\u00e9nalement et civilement.<\/p>\n<p><strong>Cr\u00e9dits photos<br \/>\n<\/strong>L&rsquo;Ange rit<\/p>\n","protected":false},"excerpt":{"rendered":"<p>L&rsquo;Ange rit fait partie de Coopaname Scop-SA \u00e0 capital variable &#8211; RCS Paris 448 762 526 &#8211; APE : 7022Z &#8211; N\u00b0 Intracom : FR49 448 762 526 Si\u00e8ge social : COOPANAME 3\/7 rue Albert Marquet &#8211; 75020 PARIS T\u00e9l : 01 43 71 82 69 Contact : L&rsquo;Ange rit Les Greniers de Vineuil 8 [&hellip;]<\/p>\n","protected":false},"author":1,"featured_media":0,"parent":0,"menu_order":0,"comment_status":"closed","ping_status":"closed","template":"","meta":{"footnotes":""},"class_list":["post-218","page","type-page","status-publish","hentry"],"yoast_head":"<!-- This site is optimized with the Yoast SEO plugin v27.3 - https:\/\/yoast.com\/product\/yoast-seo-wordpress\/ -->\n<title>Mentions L\u00e9gales - L&#039;Ange rit<\/title>\n<meta name=\"robots\" content=\"index, follow, max-snippet:-1, max-image-preview:large, max-video-preview:-1\" \/>\n<link rel=\"canonical\" href=\"https:\/\/langerit.fr\/index.php\/mentions-legales\/\" \/>\n<meta property=\"og:locale\" content=\"fr_FR\" \/>\n<meta property=\"og:type\" content=\"article\" \/>\n<meta property=\"og:title\" content=\"Mentions L\u00e9gales - L&#039;Ange rit\" \/>\n<meta property=\"og:description\" content=\"L&rsquo;Ange rit fait partie de Coopaname Scop-SA \u00e0 capital variable &#8211; RCS Paris 448 762 526 &#8211; APE : 7022Z &#8211; N\u00b0 Intracom : FR49 448 762 526 Si\u00e8ge social : COOPANAME 3\/7 rue Albert Marquet &#8211; 75020 PARIS T\u00e9l : 01 43 71 82 69 Contact : L&rsquo;Ange rit Les Greniers de Vineuil 8 [&hellip;]\" \/>\n<meta property=\"og:url\" content=\"https:\/\/langerit.fr\/index.php\/mentions-legales\/\" \/>\n<meta property=\"og:site_name\" content=\"L&#039;Ange rit\" \/>\n<meta property=\"article:publisher\" content=\"https:\/\/facebook.com\/langerit.confort\/\" \/>\n<meta property=\"article:modified_time\" content=\"2020-02-28T12:21:54+00:00\" \/>\n<meta name=\"twitter:card\" content=\"summary_large_image\" \/>\n<meta name=\"twitter:label1\" content=\"Dur\u00e9e de lecture estim\u00e9e\" \/>\n\t<meta name=\"twitter:data1\" content=\"1 minute\" \/>\n<script type=\"application\/ld+json\" class=\"yoast-schema-graph\">{\"@context\":\"https:\\\/\\\/schema.org\",\"@graph\":[{\"@type\":\"WebPage\",\"@id\":\"https:\\\/\\\/langerit.fr\\\/index.php\\\/mentions-legales\\\/\",\"url\":\"https:\\\/\\\/langerit.fr\\\/index.php\\\/mentions-legales\\\/\",\"name\":\"Mentions L\u00e9gales - L&#039;Ange rit\",\"isPartOf\":{\"@id\":\"https:\\\/\\\/langerit.fr\\\/#website\"},\"datePublished\":\"2018-03-19T15:38:56+00:00\",\"dateModified\":\"2020-02-28T12:21:54+00:00\",\"breadcrumb\":{\"@id\":\"https:\\\/\\\/langerit.fr\\\/index.php\\\/mentions-legales\\\/#breadcrumb\"},\"inLanguage\":\"fr-FR\",\"potentialAction\":[{\"@type\":\"ReadAction\",\"target\":[\"https:\\\/\\\/langerit.fr\\\/index.php\\\/mentions-legales\\\/\"]}]},{\"@type\":\"BreadcrumbList\",\"@id\":\"https:\\\/\\\/langerit.fr\\\/index.php\\\/mentions-legales\\\/#breadcrumb\",\"itemListElement\":[{\"@type\":\"ListItem\",\"position\":1,\"name\":\"Accueil\",\"item\":\"https:\\\/\\\/langerit.fr\\\/\"},{\"@type\":\"ListItem\",\"position\":2,\"name\":\"Mentions L\u00e9gales\"}]},{\"@type\":\"WebSite\",\"@id\":\"https:\\\/\\\/langerit.fr\\\/#website\",\"url\":\"https:\\\/\\\/langerit.fr\\\/\",\"name\":\"L'Ange rit\",\"description\":\"Culottes Menstruelles Artisanales Fabriqu\u00e9es en France en Loir-et-Cher\",\"publisher\":{\"@id\":\"https:\\\/\\\/langerit.fr\\\/#organization\"},\"potentialAction\":[{\"@type\":\"SearchAction\",\"target\":{\"@type\":\"EntryPoint\",\"urlTemplate\":\"https:\\\/\\\/langerit.fr\\\/?s={search_term_string}\"},\"query-input\":{\"@type\":\"PropertyValueSpecification\",\"valueRequired\":true,\"valueName\":\"search_term_string\"}}],\"inLanguage\":\"fr-FR\"},{\"@type\":\"Organization\",\"@id\":\"https:\\\/\\\/langerit.fr\\\/#organization\",\"name\":\"L'Ange rit\",\"url\":\"https:\\\/\\\/langerit.fr\\\/\",\"logo\":{\"@type\":\"ImageObject\",\"inLanguage\":\"fr-FR\",\"@id\":\"https:\\\/\\\/langerit.fr\\\/#\\\/schema\\\/logo\\\/image\\\/\",\"url\":\"https:\\\/\\\/langerit.fr\\\/wp-content\\\/uploads\\\/2024\\\/07\\\/logo-definitif1.jpg\",\"contentUrl\":\"https:\\\/\\\/langerit.fr\\\/wp-content\\\/uploads\\\/2024\\\/07\\\/logo-definitif1.jpg\",\"width\":459,\"height\":433,\"caption\":\"L'Ange rit\"},\"image\":{\"@id\":\"https:\\\/\\\/langerit.fr\\\/#\\\/schema\\\/logo\\\/image\\\/\"},\"sameAs\":[\"https:\\\/\\\/facebook.com\\\/langerit.confort\\\/\",\"https:\\\/\\\/instagram.com\\\/langerit\\\/\"]}]}<\/script>\n<!-- \/ Yoast SEO plugin. -->","yoast_head_json":{"title":"Mentions L\u00e9gales - L&#039;Ange rit","robots":{"index":"index","follow":"follow","max-snippet":"max-snippet:-1","max-image-preview":"max-image-preview:large","max-video-preview":"max-video-preview:-1"},"canonical":"https:\/\/langerit.fr\/index.php\/mentions-legales\/","og_locale":"fr_FR","og_type":"article","og_title":"Mentions L\u00e9gales - L&#039;Ange rit","og_description":"L&rsquo;Ange rit fait partie de Coopaname Scop-SA \u00e0 capital variable &#8211; RCS Paris 448 762 526 &#8211; APE : 7022Z &#8211; N\u00b0 Intracom : FR49 448 762 526 Si\u00e8ge social : COOPANAME 3\/7 rue Albert Marquet &#8211; 75020 PARIS T\u00e9l : 01 43 71 82 69 Contact : L&rsquo;Ange rit Les Greniers de Vineuil 8 [&hellip;]","og_url":"https:\/\/langerit.fr\/index.php\/mentions-legales\/","og_site_name":"L&#039;Ange rit","article_publisher":"https:\/\/facebook.com\/langerit.confort\/","article_modified_time":"2020-02-28T12:21:54+00:00","twitter_card":"summary_large_image","twitter_misc":{"Dur\u00e9e de lecture estim\u00e9e":"1 minute"},"schema":{"@context":"https:\/\/schema.org","@graph":[{"@type":"WebPage","@id":"https:\/\/langerit.fr\/index.php\/mentions-legales\/","url":"https:\/\/langerit.fr\/index.php\/mentions-legales\/","name":"Mentions L\u00e9gales - L&#039;Ange rit","isPartOf":{"@id":"https:\/\/langerit.fr\/#website"},"datePublished":"2018-03-19T15:38:56+00:00","dateModified":"2020-02-28T12:21:54+00:00","breadcrumb":{"@id":"https:\/\/langerit.fr\/index.php\/mentions-legales\/#breadcrumb"},"inLanguage":"fr-FR","potentialAction":[{"@type":"ReadAction","target":["https:\/\/langerit.fr\/index.php\/mentions-legales\/"]}]},{"@type":"BreadcrumbList","@id":"https:\/\/langerit.fr\/index.php\/mentions-legales\/#breadcrumb","itemListElement":[{"@type":"ListItem","position":1,"name":"Accueil","item":"https:\/\/langerit.fr\/"},{"@type":"ListItem","position":2,"name":"Mentions L\u00e9gales"}]},{"@type":"WebSite","@id":"https:\/\/langerit.fr\/#website","url":"https:\/\/langerit.fr\/","name":"L'Ange rit","description":"Culottes Menstruelles Artisanales Fabriqu\u00e9es en France en Loir-et-Cher","publisher":{"@id":"https:\/\/langerit.fr\/#organization"},"potentialAction":[{"@type":"SearchAction","target":{"@type":"EntryPoint","urlTemplate":"https:\/\/langerit.fr\/?s={search_term_string}"},"query-input":{"@type":"PropertyValueSpecification","valueRequired":true,"valueName":"search_term_string"}}],"inLanguage":"fr-FR"},{"@type":"Organization","@id":"https:\/\/langerit.fr\/#organization","name":"L'Ange rit","url":"https:\/\/langerit.fr\/","logo":{"@type":"ImageObject","inLanguage":"fr-FR","@id":"https:\/\/langerit.fr\/#\/schema\/logo\/image\/","url":"https:\/\/langerit.fr\/wp-content\/uploads\/2024\/07\/logo-definitif1.jpg","contentUrl":"https:\/\/langerit.fr\/wp-content\/uploads\/2024\/07\/logo-definitif1.jpg","width":459,"height":433,"caption":"L'Ange rit"},"image":{"@id":"https:\/\/langerit.fr\/#\/schema\/logo\/image\/"},"sameAs":["https:\/\/facebook.com\/langerit.confort\/","https:\/\/instagram.com\/langerit\/"]}]}},"_links":{"self":[{"href":"https:\/\/langerit.fr\/index.php\/wp-json\/wp\/v2\/pages\/218","targetHints":{"allow":["GET"]}}],"collection":[{"href":"https:\/\/langerit.fr\/index.php\/wp-json\/wp\/v2\/pages"}],"about":[{"href":"https:\/\/langerit.fr\/index.php\/wp-json\/wp\/v2\/types\/page"}],"author":[{"embeddable":true,"href":"https:\/\/langerit.fr\/index.php\/wp-json\/wp\/v2\/users\/1"}],"replies":[{"embeddable":true,"href":"https:\/\/langerit.fr\/index.php\/wp-json\/wp\/v2\/comments?post=218"}],"version-history":[{"count":0,"href":"https:\/\/langerit.fr\/index.php\/wp-json\/wp\/v2\/pages\/218\/revisions"}],"wp:attachment":[{"href":"https:\/\/langerit.fr\/index.php\/wp-json\/wp\/v2\/media?parent=218"}],"curies":[{"name":"wp","href":"https:\/\/api.w.org\/{rel}","templated":true}]}}