{"id":3,"date":"2024-07-15T14:46:26","date_gmt":"2024-07-15T12:46:26","guid":{"rendered":"http:\/\/langerit.fr\/?page_id=3"},"modified":"2024-07-22T15:55:41","modified_gmt":"2024-07-22T13:55:41","slug":"politique-de-confidentialite","status":"publish","type":"page","link":"https:\/\/langerit.fr\/index.php\/politique-de-confidentialite\/","title":{"rendered":"Politique de confidentialit\u00e9"},"content":{"rendered":"\n<h2 class=\"wp-block-heading\">Qui sommes-nous&nbsp;?<\/h2>\n\n\n\n<p>L\u2019Ange rit et son site www.langerit.fr&nbsp;est un service de la soci\u00e9t\u00e9 <strong>COOPANAME.<\/strong><\/p>\n\n\n\n<p>Pour l\u2019ensemble des Traitements de Donn\u00e9es li\u00e9s \u00e0 la collecte des cookies, , Coopaname, Scop-SA \u00e0 capital variable \u2013 RCS 448&nbsp;762&nbsp;526, ayant son si\u00e8ge au 3\/7 rue Albert Marquet, 75020 Paris d\u00e9termine les moyens et les finalit\u00e9s du Traitement.<br>Ainsi, Coopaname agit en tant que Responsable de Traitement, au sens de la R\u00e9glementation relative aux Donn\u00e9es \u00e0 caract\u00e8re personnel, et notamment du R\u00e8glement (UE) 2016\/679 relatif \u00e0 la protection des personnes physiques \u00e0 l\u2019\u00e9gard du Traitement des Donn\u00e9es \u00e0 caract\u00e8re personnel et \u00e0 la libre circulation de ces Donn\u00e9es.<\/p>\n\n\n\n<p>L\u2019Ange rit \/ Coopaname accorde la plus grande importance et le plus grand soin \u00e0 la protection de la vie priv\u00e9e et des Donn\u00e9es \u00e0 caract\u00e8re personnel, ainsi qu\u2019au respect des dispositions de la L\u00e9gislation applicable.<\/p>\n\n\n\n<p>La pr\u00e9sente politique Cookies (ci-apr\u00e8s la \u00ab&nbsp;Politique&nbsp;\u00bb) a pour objectif de vous fournir une information simple et claire sur la mani\u00e8re dont vos Donn\u00e9es sont collect\u00e9es \u00e0 travers les cookies d\u00e9pos\u00e9s sur ce site internet.<\/p>\n\n\n\n<h2 class=\"wp-block-heading\"><br>Qu\u2019est-ce qu\u2019un cookie\u00a0?<\/h2>\n\n\n\n<p>Les cookies sont des donn\u00e9es plac\u00e9es pour vos ordinateurs ou mobiles. Ils sont diff\u00e9renciables par leurs identifiants uniques, associ\u00e9s \u00e0 vos ordinateurs ou t\u00e9l\u00e9phones. Ces derniers vous permettent de de ne pas avoir une mauvaise exp\u00e9rience consommateur sur vos sites favoris, puisqu\u2019ils se souviennent de vos actions et pr\u00e9f\u00e9rences. Ainsi, vous n\u2019avez pas besoin de renseigner vos pr\u00e9f\u00e9rences de navigation \u00e0 chaque utilisation, telle que la localisation, la police ou encore la langue.<\/p>\n\n\n\n<p>Ces \u201ccookies\u201d sont stock\u00e9es en m\u00e9moire vive dans votre ordinateur. Ils ne nous permettent pas de vous identifier ; en revanche, ils enregistrent des informations relatives \u00e0 la navigation de votre ordinateur sur le Site (les pages que vous avez consult\u00e9es, la date et l\u2019heure de la consultation, etc.) que nous pourrons lire lors de vos visites ult\u00e9rieures.<\/p>\n\n\n\n<h2 class=\"wp-block-heading\"><br>Des cookies sont-ils d\u00e9pos\u00e9s lorsque vous naviguez sur le site internet\u00a0?<\/h2>\n\n\n\n<p><br>Lors de votre premi\u00e8re visite sur le Site internet, un bandeau vous informe de la pr\u00e9sence de ces cookies et vous invite \u00e0 indiquer votre choix. Les cookies n\u00e9cessitant votre consentement, conform\u00e9ment \u00e0 la r\u00e8glementation, ne sont d\u00e9pos\u00e9s que si vous les acceptez. Vous pouvez \u00e0 tout moment vous informer et param\u00e9trer les cookies pour les accepter ou les refuser en vous rendant sur la page [Gestion des cookies] pr\u00e9sente en bas de chaque page du site ou en configurant votre navigateur.<br><style type=\"text\/css\">p { line-height: 115%; text-align: left; orphans: 2; widows: 2; margin-bottom: 0.25cm; direction: ltr; background: transparent }a:visited { color: #954f72; text-decoration: underline }a:link { color: #0563c1; text-decoration: underline }<br>Lors de votre premi\u00e8re visite sur le Site internet, un bandeau vous<br>informe de la pr\u00e9sence de ces cookies et vous invite \u00e0 indiquer<br>votre choix. Les cookies n\u00e9cessitant votre consentement,<br>conform\u00e9ment \u00e0 la r\u00e8glementation, ne sont d\u00e9pos\u00e9s que si vous<br>les acceptez. Vous pouvez \u00e0 tout moment vous informer et param\u00e9trer<br>les cookies pour les accepter ou les refuser en vous rendant sur la<br>page <font color=\"#4472c4\">[Gestion des cookies]<br><\/font>pr\u00e9sente en bas de chaque page du site ou en configurant<br>votre navigateur.<\/style><\/p>\n\n\n\n<h2 class=\"wp-block-heading\"><br>Quelles sont les donn\u00e9es collect\u00e9es \u00e0 travers les cookies\u00a0?<\/h2>\n\n\n\n<p>Peuvent \u00eatre collect\u00e9es, via les cookies, toutes les donn\u00e9es qui se rapportent \u00e0 un terminal \u00e0 un instant donn\u00e9 notamment :<br>Les caract\u00e9ristiques des contenus consult\u00e9s et partag\u00e9s;<br>Un ou plusieurs identifiant(s) technique(s) permettant d\u2019identifier votre box internet<br>La date, l\u2019heure et la dur\u00e9e de connexion d\u2019un terminal \u00e0 un Site internet ;<br>L\u2019adresse Internet de la page de provenance du terminal acc\u00e9dant au Site internet;<br>Le type de syst\u00e8me d\u2019exploitation du terminal (ex : Windows, MacOs, Linux, Unix, etc.) ;<br>Le type et la version du logiciel de navigation utilis\u00e9 par le terminal (Internet Explorer, Firefox, Safari, Chrome, Opera, etc.) ;<br>La marque et le mod\u00e8le du terminal mobile ou tablette ;<br>Les possibles erreurs de t\u00e9l\u00e9chargement ;<br>La langue d\u2019utilisation du logiciel de navigation utilis\u00e9 par le terminal ;<\/p>\n\n\n\n<h2 class=\"wp-block-heading\"><br>Quelles sont les finalit\u00e9s des cookies d\u00e9pos\u00e9s\u00a0?<\/h2>\n\n\n\n<p>Les cookies n\u00e9cessaires \u00e0 la personnalisation et au fonctionnement du site internet : ils vous permettent d&rsquo;utiliser les principales fonctionnalit\u00e9s du Site et notamment d\u2019enregistrer des informations entre deux consultations du Site sur un m\u00eame appareil, d\u2019enregistrer, des identifiants de connexion de session ou encore des \u00e9l\u00e9ments de personnalisation de l\u2019interface (choix de la langue ou pr\u00e9sentation). Ils ne requi\u00e8rent pas votre consentement pr\u00e9alable. Ces cookies sont indispensables au bon fonctionnement du Site. Si vous refusez l\u2019enregistrement de ces cookies dans votre terminal ou son navigateur, ou si vous supprimez ceux qui y sont enregistr\u00e9s, vous \u00eates inform\u00e9 que votre navigation et votre exp\u00e9rience sur le Site peuvent \u00eatre limit\u00e9es.<\/p>\n\n\n\n<p>Les cookies analytiques, de statistique ou cookies de mesure d&rsquo;audience du Site\u00a0: ils nous permettent de conna\u00eetre l&rsquo;utilisation et les performances d&rsquo;audience du Site et d&rsquo;en am\u00e9liorer le fonctionnement pour nos visiteurs\u00a0(par exemple, \u00e9tablir des statistiques et volumes de fr\u00e9quentation et d&rsquo;utilisation des divers \u00e9l\u00e9ments composant le Site [rubriques et contenus visit\u00e9s, parcours, \u2026]), afin d&rsquo;am\u00e9liorer l&rsquo;int\u00e9r\u00eat et l&rsquo;ergonomie du site.<\/p>\n\n\n\n<p>Les cookies des r\u00e9seaux sociaux d\u00e9pos\u00e9s par les r\u00e9seaux sociaux lorsque vous partagez avec d\u2019autres personnes des contenus de nos Sites ou leur faire conna\u00eetre votre opinion sur ces contenus via un bouton applicatif. Ces cookies ne sont d\u00e9pos\u00e9s que lorsque vous y avez express\u00e9ment consenti \u00e0 travers le bandeau pr\u00e9sent\u00e9 lors de votre premi\u00e8re connexion. Nous n&rsquo;avons aucun contr\u00f4le sur le processus employ\u00e9 par ces r\u00e9seaux sociaux pour collecter des informations relatives \u00e0 votre navigation sur nos sites et associ\u00e9es ainsi qu\u2019aux Donn\u00e9es personnelles dont ils disposent. Nous vous invitons \u00e0 consulter leurs politiques de protection des donn\u00e9es afin de connaitre vos droits vis \u00e0 vis de chacun d\u2019eux, et de g\u00e9rer vos param\u00e8tres de confidentialit\u00e9.<\/p>\n\n\n\n<h2 class=\"wp-block-heading\"><br>Qui d\u00e9pose les cookies sur le site internet\u00a0?<\/h2>\n\n\n\n<p>Les entit\u00e9s d\u00e9posant les cookies sur le site internet sont&nbsp;:<\/p>\n\n\n\n<ul class=\"wp-block-list\">\n<li>L\u2019\u00e9diteur du site est L\u2019Ange rit \/ Coopaname et les sous-traitants de L\u2019Ange rit \/ Coopaname, \u00e0 savoir les prestataires techniques qui traitent vos Donn\u00e9es de navigation pour le compte de L\u2019Ange rit \/ Coopaname ;<\/li>\n<\/ul>\n\n\n\n<ul class=\"wp-block-list\">\n<li>Les \u00e9diteurs de r\u00e9seaux sociaux pouvant d\u00e9poser des cookies sur le site internet sont : Facebook, Instagram.<\/li>\n<\/ul>\n\n\n\n<ul class=\"wp-block-list\">\n<li>Nos partenaires commerciaux\u00a0:\n<ul class=\"wp-block-list\">\n<li>STRIPE et APPLE PAY pour les paiements<\/li>\n\n\n\n<li>Les mesures d\u2019audiences sont d\u00e9sactiv\u00e9es<\/li>\n<\/ul>\n<\/li>\n<\/ul>\n\n\n\n<h2 class=\"wp-block-heading\"><br>Comment g\u00e9rer votre consentement au d\u00e9p\u00f4t des cookies\u00a0?<br><style type=\"text\/css\">p { line-height: 115%; text-align: left; orphans: 2; widows: 2; margin-bottom: 0.25cm; direction: ltr; background: transparent }a:visited { color: #954f72; text-decoration: underline }a:link { color: #0563c1; text-decoration: underline }&amp;lt;br>&amp;lt;font color=\"#000000\">Le d\u00e9p\u00f4t d\u2019un cookie \u00e0 des fins de mesure&amp;lt;br>d\u2019audience, personnalisation de contenus, r\u00e9seaux sociaux et&amp;lt;br>publicit\u00e9 cibl\u00e9e n\u00e9cessite votre consentement pr\u00e9alable. Ce&amp;lt;br>consentement vous est demand\u00e9 \u00e0 travers le bandeau qui s\u2019affiche&amp;lt;br>lors de votre premi\u00e8re navigation sur le site. Vous pouvez choisir&amp;lt;br>de d\u2019accepter le d\u00e9p\u00f4t des cookies pour toutes les finalit\u00e9s&amp;lt;br>list\u00e9es, les refuser ou personnaliser votre choix. Vous pouvez \u00e0&amp;lt;br>tout moment retirer votre consentement en vous rendant sur la page&amp;lt;br>[Gestion des cookies]&amp;lt;br>pr\u00e9sente en bas de chaque page du site.&amp;lt;\/font><\/style><\/h2>\n\n\n\n<p>Pour les comptes qui s\u2019inscrivent sur notre site (le cas \u00e9ch\u00e9ant), nous stockons \u00e9galement les donn\u00e9es personnelles indiqu\u00e9es dans leur profil. Tous les comptes peuvent voir, modifier ou supprimer leurs informations personnelles \u00e0 tout moment (\u00e0 l\u2019exception de leur identifiant). Les gestionnaires du site peuvent aussi voir et modifier ces informations.<\/p>\n\n\n\n<p>Vous pouvez \u00e9galement demander la suppression des donn\u00e9es personnelles vous concernant. Cela ne prend pas en compte les donn\u00e9es stock\u00e9es \u00e0 des fins administratives, l\u00e9gales ou pour des raisons de s\u00e9curit\u00e9.<\/p>\n\n\n\n<h2 class=\"wp-block-heading\"><br>Comment param\u00e9trer les cookies sur les navigateurs web\u00a0?<\/h2>\n\n\n\n<p>Vous avez le choix de configurer votre navigateur pour accepter ou refuser tous les cookies, supprimer les cookies p\u00e9riodiquement ou encore de voir quand un cookie est \u00e9mis, sa dur\u00e9e de validit\u00e9, et son contenu, et refuser son enregistrement sur votre disque dur.<\/p>\n\n\n\n<p>Vous pouvez \u00e0 tout moment choisir de bloquer ou d\u00e9sactiver ces cookies en param\u00e9trant le navigateur internet de votre ordinateur, votre tablette ou votre mobile, conform\u00e9ment aux instructions \u00e9tablies par votre fournisseur de navigateur internet et figurant sur les Sites web mentionn\u00e9s ci-dessous:<\/p>\n\n\n\n<p><strong>Sur Internet explorer<\/strong><\/p>\n\n\n\n<p>Ouvrez le menu \u00ab\u00a0Outils\u00a0\u00bb, puis s\u00e9lectionnez \u00ab\u00a0Options internet\u00a0\u00bb; cliquez sur l&rsquo;onglet \u00ab\u00a0Confidentialit\u00e9\u00a0\u00bb puis l&rsquo;onglet \u00ab\u00a0Avanc\u00e9\u00a0\u00bb choisissez le niveau souhait\u00e9 ou suivez le lien suivant&nbsp;:<\/p>\n\n\n\n<p><a href=\"https:\/\/support.microsoft.com\/fr-fr\/help\/17442\/windows-internet-explorer-delete-manage-cookies\">https:\/\/support.microsoft.com\/fr-fr\/help\/17442\/windows-internet-explorer-delete-manage-cookies<\/a><\/p>\n\n\n\n<p><strong>Sur Microsoft Edge&nbsp;:<\/strong><\/p>\n\n\n\n<p>Ouvrez le menu \u00ab\u00a0Outils\u00a0\u00bb, puis s\u00e9lectionnez \u00ab\u00a0Options internet\u00a0\u00bb; cliquez sur l&rsquo;onglet \u00ab\u00a0Confidentialit\u00e9\u00a0\u00bb puis l&rsquo;onglet \u00ab\u00a0Avanc\u00e9\u00a0\u00bb choisissez le niveau souhait\u00e9 ou suivez le lien suivant&nbsp;:<\/p>\n\n\n\n<p><a href=\"https:\/\/support.microsoft.com\/fr-fr\/help\/4027947\/microsoft-edge-delete-cookies\">https:\/\/support.microsoft.com\/fr-fr\/help\/4027947\/microsoft-edge-delete-cookies<\/a><\/p>\n\n\n\n<p><strong>Sur Mozilla Firefox<\/strong><\/p>\n\n\n\n<p>Ouvrez le menu \u00ab\u00a0Outils\u00a0\u00bb, puis s\u00e9lectionnez \u00ab\u00a0Options\u00a0\u00bb; cliquez sur l&rsquo;onglet \u00ab\u00a0Vie priv\u00e9e\u00a0\u00bb puis choisissez les options souhait\u00e9es ou suivez ce lien&nbsp;:<\/p>\n\n\n\n<p><a href=\"https:\/\/support.mozilla.org\/fr\/products\/firefox\/protect-your-privacy\/cookies\">https:\/\/support.mozilla.org\/fr\/products\/firefox\/protect-your-privacy\/cookies<\/a><\/p>\n\n\n\n<p><strong>Sur Safari Mac\/Iphone\/Ipad<\/strong><\/p>\n\n\n\n<p>Choisissez \u00ab\u00a0Safari &gt; Pr\u00e9f\u00e9rences\u00a0\u00bb puis cliquez sur \u00ab\u00a0S\u00e9curit\u00e9\u00a0\u00bb; Dans la section \u00ab\u00a0Accepter les cookies\u00a0\u00bb choisissez les options souhait\u00e9es ou suivez ce lien&nbsp;:<\/p>\n\n\n\n<p><br><a href=\"https:\/\/support.apple.com\/fr-fr\/HT201265%20\">https:\/\/support.apple.com\/fr-fr\/HT201265 <\/a>ou<\/p>\n\n\n\n<p><a href=\"https:\/\/support.apple.com\/fr-fr\/guide\/safari\/sfri11471\/mac\">https:\/\/support.apple.com\/fr-fr\/guide\/safari\/sfri11471\/mac<\/a><\/p>\n\n\n\n<p><strong>Sur Google Chrome<\/strong><\/p>\n\n\n\n<p>Ouvrez le menu de configuration (logo cl\u00e9 \u00e0 molette), puis s\u00e9lectionnez \u00ab\u00a0Options\u00a0\u00bb; cliquez sur \u00ab\u00a0Options avanc\u00e9es\u00a0\u00bb puis dans la section \u00ab\u00a0Confidentialit\u00e9\u00a0\u00bb, cliquez sur \u00ab\u00a0Param\u00e8tres de contenu\u00a0\u00bb, et choisissez les options souhait\u00e9es ou suivez le lien suivant&nbsp;:<\/p>\n\n\n\n<p><a href=\"https:\/\/support.google.com\/chrome\/answer\/95647?hl=fr\">https:\/\/support.google.com\/chrome\/answer\/95647?hl=fr<\/a><\/p>\n\n\n\n<p><strong>Sur iOs<\/strong><\/p>\n\n\n\n<p><a href=\"https:\/\/support.apple.com\/fr-fr\/guide\/safari\/sfri11471\/mac\">https:\/\/support.apple.com\/fr-fr\/guide\/safari\/sfri11471\/mac<\/a><\/p>\n\n\n\n<p>Vous pouvez \u00e9galement taper \u00ab\u00a0cookies\u00a0\u00bb dans la rubrique \u00ab\u00a0aide\u00a0\u00bb de votre navigateur afin d&rsquo;acc\u00e9der aux instructions de param\u00e9trage.<\/p>\n\n\n\n<p><a><\/a> Pour plus de pr\u00e9cisions, vous pouvez \u00e9galement consulter le site de la CNIL&nbsp;:<br>https:\/\/www.cnil.fr\/cnil-direct\/question\/198<\/p>\n\n\n\n<p><\/p>\n","protected":false},"excerpt":{"rendered":"<p>Qui sommes-nous&nbsp;? L\u2019Ange rit et son site www.langerit.fr&nbsp;est un service de la soci\u00e9t\u00e9 COOPANAME. Pour l\u2019ensemble des Traitements de Donn\u00e9es li\u00e9s \u00e0 la collecte des cookies, , Coopaname, Scop-SA \u00e0 capital variable \u2013 RCS 448&nbsp;762&nbsp;526, ayant son si\u00e8ge au 3\/7 rue Albert Marquet, 75020 Paris d\u00e9termine les moyens et les finalit\u00e9s du Traitement.Ainsi, Coopaname agit [&hellip;]<\/p>\n","protected":false},"author":1,"featured_media":0,"parent":0,"menu_order":0,"comment_status":"closed","ping_status":"open","template":"","meta":{"footnotes":""},"class_list":["post-3","page","type-page","status-publish","hentry"],"yoast_head":"<!-- This site is optimized with the Yoast SEO plugin v27.3 - https:\/\/yoast.com\/product\/yoast-seo-wordpress\/ -->\n<title>Politique de confidentialit\u00e9 - L&#039;Ange rit<\/title>\n<meta name=\"robots\" content=\"index, follow, max-snippet:-1, max-image-preview:large, max-video-preview:-1\" \/>\n<link rel=\"canonical\" href=\"https:\/\/langerit.fr\/index.php\/politique-de-confidentialite\/\" \/>\n<meta property=\"og:locale\" content=\"fr_FR\" \/>\n<meta property=\"og:type\" content=\"article\" \/>\n<meta property=\"og:title\" content=\"Politique de confidentialit\u00e9 - L&#039;Ange rit\" \/>\n<meta property=\"og:description\" content=\"Qui sommes-nous&nbsp;? L\u2019Ange rit et son site www.langerit.fr&nbsp;est un service de la soci\u00e9t\u00e9 COOPANAME. Pour l\u2019ensemble des Traitements de Donn\u00e9es li\u00e9s \u00e0 la collecte des cookies, , Coopaname, Scop-SA \u00e0 capital variable \u2013 RCS 448&nbsp;762&nbsp;526, ayant son si\u00e8ge au 3\/7 rue Albert Marquet, 75020 Paris d\u00e9termine les moyens et les finalit\u00e9s du Traitement.Ainsi, Coopaname agit [&hellip;]\" \/>\n<meta property=\"og:url\" content=\"https:\/\/langerit.fr\/index.php\/politique-de-confidentialite\/\" \/>\n<meta property=\"og:site_name\" content=\"L&#039;Ange rit\" \/>\n<meta property=\"article:publisher\" content=\"https:\/\/facebook.com\/langerit.confort\/\" \/>\n<meta property=\"article:modified_time\" content=\"2024-07-22T13:55:41+00:00\" \/>\n<meta name=\"twitter:card\" content=\"summary_large_image\" \/>\n<meta name=\"twitter:label1\" content=\"Dur\u00e9e de lecture estim\u00e9e\" \/>\n\t<meta name=\"twitter:data1\" content=\"7 minutes\" \/>\n<script type=\"application\/ld+json\" class=\"yoast-schema-graph\">{\"@context\":\"https:\\\/\\\/schema.org\",\"@graph\":[{\"@type\":\"WebPage\",\"@id\":\"https:\\\/\\\/langerit.fr\\\/index.php\\\/politique-de-confidentialite\\\/\",\"url\":\"https:\\\/\\\/langerit.fr\\\/index.php\\\/politique-de-confidentialite\\\/\",\"name\":\"Politique de confidentialit\u00e9 - L&#039;Ange rit\",\"isPartOf\":{\"@id\":\"https:\\\/\\\/langerit.fr\\\/#website\"},\"datePublished\":\"2024-07-15T12:46:26+00:00\",\"dateModified\":\"2024-07-22T13:55:41+00:00\",\"breadcrumb\":{\"@id\":\"https:\\\/\\\/langerit.fr\\\/index.php\\\/politique-de-confidentialite\\\/#breadcrumb\"},\"inLanguage\":\"fr-FR\",\"potentialAction\":[{\"@type\":\"ReadAction\",\"target\":[\"https:\\\/\\\/langerit.fr\\\/index.php\\\/politique-de-confidentialite\\\/\"]}]},{\"@type\":\"BreadcrumbList\",\"@id\":\"https:\\\/\\\/langerit.fr\\\/index.php\\\/politique-de-confidentialite\\\/#breadcrumb\",\"itemListElement\":[{\"@type\":\"ListItem\",\"position\":1,\"name\":\"Accueil\",\"item\":\"https:\\\/\\\/langerit.fr\\\/\"},{\"@type\":\"ListItem\",\"position\":2,\"name\":\"Politique de confidentialit\u00e9\"}]},{\"@type\":\"WebSite\",\"@id\":\"https:\\\/\\\/langerit.fr\\\/#website\",\"url\":\"https:\\\/\\\/langerit.fr\\\/\",\"name\":\"L'Ange rit\",\"description\":\"Culottes Menstruelles Artisanales Fabriqu\u00e9es en France en Loir-et-Cher\",\"publisher\":{\"@id\":\"https:\\\/\\\/langerit.fr\\\/#organization\"},\"potentialAction\":[{\"@type\":\"SearchAction\",\"target\":{\"@type\":\"EntryPoint\",\"urlTemplate\":\"https:\\\/\\\/langerit.fr\\\/?s={search_term_string}\"},\"query-input\":{\"@type\":\"PropertyValueSpecification\",\"valueRequired\":true,\"valueName\":\"search_term_string\"}}],\"inLanguage\":\"fr-FR\"},{\"@type\":\"Organization\",\"@id\":\"https:\\\/\\\/langerit.fr\\\/#organization\",\"name\":\"L'Ange rit\",\"url\":\"https:\\\/\\\/langerit.fr\\\/\",\"logo\":{\"@type\":\"ImageObject\",\"inLanguage\":\"fr-FR\",\"@id\":\"https:\\\/\\\/langerit.fr\\\/#\\\/schema\\\/logo\\\/image\\\/\",\"url\":\"https:\\\/\\\/langerit.fr\\\/wp-content\\\/uploads\\\/2024\\\/07\\\/logo-definitif1.jpg\",\"contentUrl\":\"https:\\\/\\\/langerit.fr\\\/wp-content\\\/uploads\\\/2024\\\/07\\\/logo-definitif1.jpg\",\"width\":459,\"height\":433,\"caption\":\"L'Ange rit\"},\"image\":{\"@id\":\"https:\\\/\\\/langerit.fr\\\/#\\\/schema\\\/logo\\\/image\\\/\"},\"sameAs\":[\"https:\\\/\\\/facebook.com\\\/langerit.confort\\\/\",\"https:\\\/\\\/instagram.com\\\/langerit\\\/\"]}]}<\/script>\n<!-- \/ Yoast SEO plugin. -->","yoast_head_json":{"title":"Politique de confidentialit\u00e9 - L&#039;Ange rit","robots":{"index":"index","follow":"follow","max-snippet":"max-snippet:-1","max-image-preview":"max-image-preview:large","max-video-preview":"max-video-preview:-1"},"canonical":"https:\/\/langerit.fr\/index.php\/politique-de-confidentialite\/","og_locale":"fr_FR","og_type":"article","og_title":"Politique de confidentialit\u00e9 - L&#039;Ange rit","og_description":"Qui sommes-nous&nbsp;? L\u2019Ange rit et son site www.langerit.fr&nbsp;est un service de la soci\u00e9t\u00e9 COOPANAME. Pour l\u2019ensemble des Traitements de Donn\u00e9es li\u00e9s \u00e0 la collecte des cookies, , Coopaname, Scop-SA \u00e0 capital variable \u2013 RCS 448&nbsp;762&nbsp;526, ayant son si\u00e8ge au 3\/7 rue Albert Marquet, 75020 Paris d\u00e9termine les moyens et les finalit\u00e9s du Traitement.Ainsi, Coopaname agit [&hellip;]","og_url":"https:\/\/langerit.fr\/index.php\/politique-de-confidentialite\/","og_site_name":"L&#039;Ange rit","article_publisher":"https:\/\/facebook.com\/langerit.confort\/","article_modified_time":"2024-07-22T13:55:41+00:00","twitter_card":"summary_large_image","twitter_misc":{"Dur\u00e9e de lecture estim\u00e9e":"7 minutes"},"schema":{"@context":"https:\/\/schema.org","@graph":[{"@type":"WebPage","@id":"https:\/\/langerit.fr\/index.php\/politique-de-confidentialite\/","url":"https:\/\/langerit.fr\/index.php\/politique-de-confidentialite\/","name":"Politique de confidentialit\u00e9 - L&#039;Ange rit","isPartOf":{"@id":"https:\/\/langerit.fr\/#website"},"datePublished":"2024-07-15T12:46:26+00:00","dateModified":"2024-07-22T13:55:41+00:00","breadcrumb":{"@id":"https:\/\/langerit.fr\/index.php\/politique-de-confidentialite\/#breadcrumb"},"inLanguage":"fr-FR","potentialAction":[{"@type":"ReadAction","target":["https:\/\/langerit.fr\/index.php\/politique-de-confidentialite\/"]}]},{"@type":"BreadcrumbList","@id":"https:\/\/langerit.fr\/index.php\/politique-de-confidentialite\/#breadcrumb","itemListElement":[{"@type":"ListItem","position":1,"name":"Accueil","item":"https:\/\/langerit.fr\/"},{"@type":"ListItem","position":2,"name":"Politique de confidentialit\u00e9"}]},{"@type":"WebSite","@id":"https:\/\/langerit.fr\/#website","url":"https:\/\/langerit.fr\/","name":"L'Ange rit","description":"Culottes Menstruelles Artisanales Fabriqu\u00e9es en France en Loir-et-Cher","publisher":{"@id":"https:\/\/langerit.fr\/#organization"},"potentialAction":[{"@type":"SearchAction","target":{"@type":"EntryPoint","urlTemplate":"https:\/\/langerit.fr\/?s={search_term_string}"},"query-input":{"@type":"PropertyValueSpecification","valueRequired":true,"valueName":"search_term_string"}}],"inLanguage":"fr-FR"},{"@type":"Organization","@id":"https:\/\/langerit.fr\/#organization","name":"L'Ange rit","url":"https:\/\/langerit.fr\/","logo":{"@type":"ImageObject","inLanguage":"fr-FR","@id":"https:\/\/langerit.fr\/#\/schema\/logo\/image\/","url":"https:\/\/langerit.fr\/wp-content\/uploads\/2024\/07\/logo-definitif1.jpg","contentUrl":"https:\/\/langerit.fr\/wp-content\/uploads\/2024\/07\/logo-definitif1.jpg","width":459,"height":433,"caption":"L'Ange rit"},"image":{"@id":"https:\/\/langerit.fr\/#\/schema\/logo\/image\/"},"sameAs":["https:\/\/facebook.com\/langerit.confort\/","https:\/\/instagram.com\/langerit\/"]}]}},"_links":{"self":[{"href":"https:\/\/langerit.fr\/index.php\/wp-json\/wp\/v2\/pages\/3","targetHints":{"allow":["GET"]}}],"collection":[{"href":"https:\/\/langerit.fr\/index.php\/wp-json\/wp\/v2\/pages"}],"about":[{"href":"https:\/\/langerit.fr\/index.php\/wp-json\/wp\/v2\/types\/page"}],"author":[{"embeddable":true,"href":"https:\/\/langerit.fr\/index.php\/wp-json\/wp\/v2\/users\/1"}],"replies":[{"embeddable":true,"href":"https:\/\/langerit.fr\/index.php\/wp-json\/wp\/v2\/comments?post=3"}],"version-history":[{"count":5,"href":"https:\/\/langerit.fr\/index.php\/wp-json\/wp\/v2\/pages\/3\/revisions"}],"predecessor-version":[{"id":5960,"href":"https:\/\/langerit.fr\/index.php\/wp-json\/wp\/v2\/pages\/3\/revisions\/5960"}],"wp:attachment":[{"href":"https:\/\/langerit.fr\/index.php\/wp-json\/wp\/v2\/media?parent=3"}],"curies":[{"name":"wp","href":"https:\/\/api.w.org\/{rel}","templated":true}]}}