{"id":4877,"date":"2019-01-22T15:53:39","date_gmt":"2019-01-22T14:53:39","guid":{"rendered":"https:\/\/www.langerit.fr\/?post_type=product&#038;p=4877"},"modified":"2024-07-22T13:59:12","modified_gmt":"2024-07-22T11:59:12","slug":"tanga-maya-5-couleurs-dispo","status":"publish","type":"product","link":"https:\/\/langerit.fr\/index.php\/produit\/tanga-maya-5-couleurs-dispo\/","title":{"rendered":"Tanga Maya 5 couleurs disponibles"},"content":{"rendered":"<h2>Tanga Maya 5 couleurs disponibles<\/h2>\n<p>Tanga Maya, culotte menstruelle en coton 94% et lycra 6%,\u00a0 teinture OEKOTEX, qualit\u00e9 250g\/m2<br \/>\nAvec protection int\u00e9gr\u00e9e en mati\u00e8res naturelles douces (coton, bambou, soie), imperm\u00e9able (PUL)<br \/>\nLavable en machine \u00e0 40\u00b0,<br \/>\nPour r\u00e8gles normales et fuites urinaires.<\/p>\n<p>Taille du 34 au 44<\/p>\n<h3><a href=\"https:\/\/langerit.fr\/index.php\/conseils-de-lavage\/\">Conseils d&rsquo;entretien<\/a><br \/>\n<a href=\"https:\/\/langerit.fr\/index.php\/guide-des-tailles-2\/\">Guide des tailles<\/a><\/h3>\n","protected":false},"excerpt":{"rendered":"<p>Tanga Maya, culotte menstruelle en coton teinture OEKOTEX,avec protection int\u00e9gr\u00e9e en mati\u00e8res naturelles douces (coton 96%, lycra 6%, bambou, soie), imperm\u00e9able et lavable en machine \u00e0 40\u00b0,pour r\u00e8gles normales et fuites urinaires. Tailles du 34 au 44. Couleurs disponibles : noir, blanc, fuschia, turquoise et rose poudr\u00e9.<\/p>\n","protected":false},"featured_media":5806,"template":"","meta":[],"product_brand":[],"product_cat":[77],"product_tag":[91,117,89,92,90,87,88,125,94,86,93],"class_list":{"0":"post-4877","1":"product","2":"type-product","3":"status-publish","4":"has-post-thumbnail","6":"product_cat-tanga-maya","7":"product_tag-blanc","8":"product_tag-culotte-menstruelle","9":"product_tag-fuites-urinaires","10":"product_tag-fuschia","11":"product_tag-noir","12":"product_tag-protection-lavable","13":"product_tag-regles","14":"product_tag-regles-abondantes","15":"product_tag-rose-poudre","16":"product_tag-tanga","17":"product_tag-turquoise","19":"first","20":"instock","21":"purchasable","22":"product-type-variable"},"yoast_head":"<!-- This site is optimized with the Yoast SEO plugin v27.3 - https:\/\/yoast.com\/product\/yoast-seo-wordpress\/ -->\n<title>Tanga Maya 5 couleurs disponibles - L&#039;Ange rit<\/title>\n<meta name=\"description\" content=\"Tanga Maya, culotte menstruelle en coton. Avec protection int\u00e9gr\u00e9e en mati\u00e8res naturelles douces.\" \/>\n<meta name=\"robots\" content=\"index, follow, max-snippet:-1, max-image-preview:large, max-video-preview:-1\" \/>\n<link rel=\"canonical\" href=\"https:\/\/langerit.fr\/index.php\/produit\/tanga-maya-5-couleurs-dispo\/\" \/>\n<meta property=\"og:locale\" content=\"fr_FR\" \/>\n<meta property=\"og:type\" content=\"article\" \/>\n<meta property=\"og:title\" content=\"Tanga Maya 5 couleurs disponibles - L&#039;Ange rit\" \/>\n<meta property=\"og:description\" content=\"Tanga Maya, culotte menstruelle en coton. Avec protection int\u00e9gr\u00e9e en mati\u00e8res naturelles douces.\" \/>\n<meta property=\"og:url\" content=\"https:\/\/langerit.fr\/index.php\/produit\/tanga-maya-5-couleurs-dispo\/\" \/>\n<meta property=\"og:site_name\" content=\"L&#039;Ange rit\" \/>\n<meta property=\"article:publisher\" content=\"https:\/\/facebook.com\/langerit.confort\/\" \/>\n<meta property=\"article:modified_time\" content=\"2024-07-22T11:59:12+00:00\" \/>\n<meta property=\"og:image\" content=\"http:\/\/langerit.fr\/wp-content\/uploads\/2024\/07\/PLANCHE-PRODUIT_TANGA-1024x597-1.png\" \/>\n\t<meta property=\"og:image:width\" content=\"1024\" \/>\n\t<meta property=\"og:image:height\" content=\"597\" \/>\n\t<meta property=\"og:image:type\" content=\"image\/png\" \/>\n<meta name=\"twitter:card\" content=\"summary_large_image\" \/>\n<meta name=\"twitter:label1\" content=\"Dur\u00e9e de lecture estim\u00e9e\" \/>\n\t<meta name=\"twitter:data1\" content=\"1 minute\" \/>\n<script type=\"application\/ld+json\" class=\"yoast-schema-graph\">{\"@context\":\"https:\\\/\\\/schema.org\",\"@graph\":[{\"@type\":\"WebPage\",\"@id\":\"https:\\\/\\\/langerit.fr\\\/index.php\\\/produit\\\/tanga-maya-5-couleurs-dispo\\\/\",\"url\":\"https:\\\/\\\/langerit.fr\\\/index.php\\\/produit\\\/tanga-maya-5-couleurs-dispo\\\/\",\"name\":\"Tanga Maya 5 couleurs disponibles - L&#039;Ange rit\",\"isPartOf\":{\"@id\":\"https:\\\/\\\/langerit.fr\\\/#website\"},\"primaryImageOfPage\":{\"@id\":\"https:\\\/\\\/langerit.fr\\\/index.php\\\/produit\\\/tanga-maya-5-couleurs-dispo\\\/#primaryimage\"},\"image\":{\"@id\":\"https:\\\/\\\/langerit.fr\\\/index.php\\\/produit\\\/tanga-maya-5-couleurs-dispo\\\/#primaryimage\"},\"thumbnailUrl\":\"https:\\\/\\\/langerit.fr\\\/wp-content\\\/uploads\\\/2024\\\/07\\\/PLANCHE-PRODUIT_TANGA-1024x597-1.png\",\"datePublished\":\"2019-01-22T14:53:39+00:00\",\"dateModified\":\"2024-07-22T11:59:12+00:00\",\"description\":\"Tanga Maya, culotte menstruelle en coton. Avec protection int\u00e9gr\u00e9e en mati\u00e8res naturelles douces.\",\"breadcrumb\":{\"@id\":\"https:\\\/\\\/langerit.fr\\\/index.php\\\/produit\\\/tanga-maya-5-couleurs-dispo\\\/#breadcrumb\"},\"inLanguage\":\"fr-FR\",\"potentialAction\":[{\"@type\":\"ReadAction\",\"target\":[\"https:\\\/\\\/langerit.fr\\\/index.php\\\/produit\\\/tanga-maya-5-couleurs-dispo\\\/\"]}]},{\"@type\":\"ImageObject\",\"inLanguage\":\"fr-FR\",\"@id\":\"https:\\\/\\\/langerit.fr\\\/index.php\\\/produit\\\/tanga-maya-5-couleurs-dispo\\\/#primaryimage\",\"url\":\"https:\\\/\\\/langerit.fr\\\/wp-content\\\/uploads\\\/2024\\\/07\\\/PLANCHE-PRODUIT_TANGA-1024x597-1.png\",\"contentUrl\":\"https:\\\/\\\/langerit.fr\\\/wp-content\\\/uploads\\\/2024\\\/07\\\/PLANCHE-PRODUIT_TANGA-1024x597-1.png\",\"width\":1024,\"height\":597},{\"@type\":\"BreadcrumbList\",\"@id\":\"https:\\\/\\\/langerit.fr\\\/index.php\\\/produit\\\/tanga-maya-5-couleurs-dispo\\\/#breadcrumb\",\"itemListElement\":[{\"@type\":\"ListItem\",\"position\":1,\"name\":\"Accueil\",\"item\":\"https:\\\/\\\/langerit.fr\\\/\"},{\"@type\":\"ListItem\",\"position\":2,\"name\":\"Boutique\",\"item\":\"https:\\\/\\\/langerit.fr\\\/index.php\\\/boutique-culotte-menstruelle\\\/\"},{\"@type\":\"ListItem\",\"position\":3,\"name\":\"Tanga Maya 5 couleurs disponibles\"}]},{\"@type\":\"WebSite\",\"@id\":\"https:\\\/\\\/langerit.fr\\\/#website\",\"url\":\"https:\\\/\\\/langerit.fr\\\/\",\"name\":\"L'Ange rit\",\"description\":\"Culottes Menstruelles Artisanales Fabriqu\u00e9es en France en Loir-et-Cher\",\"publisher\":{\"@id\":\"https:\\\/\\\/langerit.fr\\\/#organization\"},\"potentialAction\":[{\"@type\":\"SearchAction\",\"target\":{\"@type\":\"EntryPoint\",\"urlTemplate\":\"https:\\\/\\\/langerit.fr\\\/?s={search_term_string}\"},\"query-input\":{\"@type\":\"PropertyValueSpecification\",\"valueRequired\":true,\"valueName\":\"search_term_string\"}}],\"inLanguage\":\"fr-FR\"},{\"@type\":\"Organization\",\"@id\":\"https:\\\/\\\/langerit.fr\\\/#organization\",\"name\":\"L'Ange rit\",\"url\":\"https:\\\/\\\/langerit.fr\\\/\",\"logo\":{\"@type\":\"ImageObject\",\"inLanguage\":\"fr-FR\",\"@id\":\"https:\\\/\\\/langerit.fr\\\/#\\\/schema\\\/logo\\\/image\\\/\",\"url\":\"https:\\\/\\\/langerit.fr\\\/wp-content\\\/uploads\\\/2024\\\/07\\\/logo-definitif1.jpg\",\"contentUrl\":\"https:\\\/\\\/langerit.fr\\\/wp-content\\\/uploads\\\/2024\\\/07\\\/logo-definitif1.jpg\",\"width\":459,\"height\":433,\"caption\":\"L'Ange rit\"},\"image\":{\"@id\":\"https:\\\/\\\/langerit.fr\\\/#\\\/schema\\\/logo\\\/image\\\/\"},\"sameAs\":[\"https:\\\/\\\/facebook.com\\\/langerit.confort\\\/\",\"https:\\\/\\\/instagram.com\\\/langerit\\\/\"]}]}<\/script>\n<!-- \/ Yoast SEO plugin. -->","yoast_head_json":{"title":"Tanga Maya 5 couleurs disponibles - L&#039;Ange rit","description":"Tanga Maya, culotte menstruelle en coton. Avec protection int\u00e9gr\u00e9e en mati\u00e8res naturelles douces.","robots":{"index":"index","follow":"follow","max-snippet":"max-snippet:-1","max-image-preview":"max-image-preview:large","max-video-preview":"max-video-preview:-1"},"canonical":"https:\/\/langerit.fr\/index.php\/produit\/tanga-maya-5-couleurs-dispo\/","og_locale":"fr_FR","og_type":"article","og_title":"Tanga Maya 5 couleurs disponibles - L&#039;Ange rit","og_description":"Tanga Maya, culotte menstruelle en coton. Avec protection int\u00e9gr\u00e9e en mati\u00e8res naturelles douces.","og_url":"https:\/\/langerit.fr\/index.php\/produit\/tanga-maya-5-couleurs-dispo\/","og_site_name":"L&#039;Ange rit","article_publisher":"https:\/\/facebook.com\/langerit.confort\/","article_modified_time":"2024-07-22T11:59:12+00:00","og_image":[{"width":1024,"height":597,"url":"http:\/\/langerit.fr\/wp-content\/uploads\/2024\/07\/PLANCHE-PRODUIT_TANGA-1024x597-1.png","type":"image\/png"}],"twitter_card":"summary_large_image","twitter_misc":{"Dur\u00e9e de lecture estim\u00e9e":"1 minute"},"schema":{"@context":"https:\/\/schema.org","@graph":[{"@type":"WebPage","@id":"https:\/\/langerit.fr\/index.php\/produit\/tanga-maya-5-couleurs-dispo\/","url":"https:\/\/langerit.fr\/index.php\/produit\/tanga-maya-5-couleurs-dispo\/","name":"Tanga Maya 5 couleurs disponibles - L&#039;Ange rit","isPartOf":{"@id":"https:\/\/langerit.fr\/#website"},"primaryImageOfPage":{"@id":"https:\/\/langerit.fr\/index.php\/produit\/tanga-maya-5-couleurs-dispo\/#primaryimage"},"image":{"@id":"https:\/\/langerit.fr\/index.php\/produit\/tanga-maya-5-couleurs-dispo\/#primaryimage"},"thumbnailUrl":"https:\/\/langerit.fr\/wp-content\/uploads\/2024\/07\/PLANCHE-PRODUIT_TANGA-1024x597-1.png","datePublished":"2019-01-22T14:53:39+00:00","dateModified":"2024-07-22T11:59:12+00:00","description":"Tanga Maya, culotte menstruelle en coton. Avec protection int\u00e9gr\u00e9e en mati\u00e8res naturelles douces.","breadcrumb":{"@id":"https:\/\/langerit.fr\/index.php\/produit\/tanga-maya-5-couleurs-dispo\/#breadcrumb"},"inLanguage":"fr-FR","potentialAction":[{"@type":"ReadAction","target":["https:\/\/langerit.fr\/index.php\/produit\/tanga-maya-5-couleurs-dispo\/"]}]},{"@type":"ImageObject","inLanguage":"fr-FR","@id":"https:\/\/langerit.fr\/index.php\/produit\/tanga-maya-5-couleurs-dispo\/#primaryimage","url":"https:\/\/langerit.fr\/wp-content\/uploads\/2024\/07\/PLANCHE-PRODUIT_TANGA-1024x597-1.png","contentUrl":"https:\/\/langerit.fr\/wp-content\/uploads\/2024\/07\/PLANCHE-PRODUIT_TANGA-1024x597-1.png","width":1024,"height":597},{"@type":"BreadcrumbList","@id":"https:\/\/langerit.fr\/index.php\/produit\/tanga-maya-5-couleurs-dispo\/#breadcrumb","itemListElement":[{"@type":"ListItem","position":1,"name":"Accueil","item":"https:\/\/langerit.fr\/"},{"@type":"ListItem","position":2,"name":"Boutique","item":"https:\/\/langerit.fr\/index.php\/boutique-culotte-menstruelle\/"},{"@type":"ListItem","position":3,"name":"Tanga Maya 5 couleurs disponibles"}]},{"@type":"WebSite","@id":"https:\/\/langerit.fr\/#website","url":"https:\/\/langerit.fr\/","name":"L'Ange rit","description":"Culottes Menstruelles Artisanales Fabriqu\u00e9es en France en Loir-et-Cher","publisher":{"@id":"https:\/\/langerit.fr\/#organization"},"potentialAction":[{"@type":"SearchAction","target":{"@type":"EntryPoint","urlTemplate":"https:\/\/langerit.fr\/?s={search_term_string}"},"query-input":{"@type":"PropertyValueSpecification","valueRequired":true,"valueName":"search_term_string"}}],"inLanguage":"fr-FR"},{"@type":"Organization","@id":"https:\/\/langerit.fr\/#organization","name":"L'Ange rit","url":"https:\/\/langerit.fr\/","logo":{"@type":"ImageObject","inLanguage":"fr-FR","@id":"https:\/\/langerit.fr\/#\/schema\/logo\/image\/","url":"https:\/\/langerit.fr\/wp-content\/uploads\/2024\/07\/logo-definitif1.jpg","contentUrl":"https:\/\/langerit.fr\/wp-content\/uploads\/2024\/07\/logo-definitif1.jpg","width":459,"height":433,"caption":"L'Ange rit"},"image":{"@id":"https:\/\/langerit.fr\/#\/schema\/logo\/image\/"},"sameAs":["https:\/\/facebook.com\/langerit.confort\/","https:\/\/instagram.com\/langerit\/"]}]}},"_links":{"self":[{"href":"https:\/\/langerit.fr\/index.php\/wp-json\/wp\/v2\/product\/4877","targetHints":{"allow":["GET"]}}],"collection":[{"href":"https:\/\/langerit.fr\/index.php\/wp-json\/wp\/v2\/product"}],"about":[{"href":"https:\/\/langerit.fr\/index.php\/wp-json\/wp\/v2\/types\/product"}],"wp:featuredmedia":[{"embeddable":true,"href":"https:\/\/langerit.fr\/index.php\/wp-json\/wp\/v2\/media\/5806"}],"wp:attachment":[{"href":"https:\/\/langerit.fr\/index.php\/wp-json\/wp\/v2\/media?parent=4877"}],"wp:term":[{"taxonomy":"product_brand","embeddable":true,"href":"https:\/\/langerit.fr\/index.php\/wp-json\/wp\/v2\/product_brand?post=4877"},{"taxonomy":"product_cat","embeddable":true,"href":"https:\/\/langerit.fr\/index.php\/wp-json\/wp\/v2\/product_cat?post=4877"},{"taxonomy":"product_tag","embeddable":true,"href":"https:\/\/langerit.fr\/index.php\/wp-json\/wp\/v2\/product_tag?post=4877"}],"curies":[{"name":"wp","href":"https:\/\/api.w.org\/{rel}","templated":true}]}}